{"id":731,"date":"2024-01-17T06:14:44","date_gmt":"2024-01-16T21:14:44","guid":{"rendered":"https:\/\/ryoko-eito-life.com\/?page_id=731"},"modified":"2024-01-17T06:17:26","modified_gmt":"2024-01-16T21:17:26","slug":"home","status":"publish","type":"page","link":"https:\/\/ryoko-eito-life.com\/","title":{"rendered":"HOME"},"content":{"rendered":"\n<div class=\"wp-block-columns is-layout-flex wp-container-core-columns-is-layout-28f84493 wp-block-columns-is-layout-flex\">\n<div class=\"wp-block-column is-layout-flow wp-block-column-is-layout-flow\">\n<figure class=\"wp-block-image size-full\"><img loading=\"lazy\" decoding=\"async\" width=\"2560\" height=\"1440\" src=\"https:\/\/ryoko-eito-life.com\/wp-content\/uploads\/2024\/01\/IMG_9462-1-scaled.jpeg\" alt=\"\" class=\"wp-image-249\" srcset=\"https:\/\/ryoko-eito-life.com\/wp-content\/uploads\/2024\/01\/IMG_9462-1-scaled.jpeg 2560w, https:\/\/ryoko-eito-life.com\/wp-content\/uploads\/2024\/01\/IMG_9462-1-300x169.jpeg 300w, https:\/\/ryoko-eito-life.com\/wp-content\/uploads\/2024\/01\/IMG_9462-1-1024x576.jpeg 1024w, https:\/\/ryoko-eito-life.com\/wp-content\/uploads\/2024\/01\/IMG_9462-1-768x432.jpeg 768w, https:\/\/ryoko-eito-life.com\/wp-content\/uploads\/2024\/01\/IMG_9462-1-1536x864.jpeg 1536w, https:\/\/ryoko-eito-life.com\/wp-content\/uploads\/2024\/01\/IMG_9462-1-2048x1152.jpeg 2048w, https:\/\/ryoko-eito-life.com\/wp-content\/uploads\/2024\/01\/IMG_9462-1-320x180.jpeg 320w\" sizes=\"auto, (max-width: 2560px) 100vw, 2560px\" \/><\/figure>\n\n\n\n<div id=\"ez-toc-container\" class=\"ez-toc-v2_0_82_2 counter-hierarchy ez-toc-counter ez-toc-light-blue ez-toc-container-direction\">\n<div class=\"ez-toc-title-container\">\n<p class=\"ez-toc-title\" style=\"cursor:inherit\">\u3082\u304f\u3058<\/p>\n<span class=\"ez-toc-title-toggle\"><a href=\"#\" class=\"ez-toc-pull-right ez-toc-btn ez-toc-btn-xs ez-toc-btn-default ez-toc-toggle\" aria-label=\"Toggle Table of Content\"><span class=\"ez-toc-js-icon-con\"><span class=\"\"><span class=\"eztoc-hide\" style=\"display:none;\">Toggle<\/span><span class=\"ez-toc-icon-toggle-span\"><svg style=\"fill: #999;color:#999\" xmlns=\"http:\/\/www.w3.org\/2000\/svg\" class=\"list-377408\" width=\"20px\" height=\"20px\" viewBox=\"0 0 24 24\" fill=\"none\"><path d=\"M6 6H4v2h2V6zm14 0H8v2h12V6zM4 11h2v2H4v-2zm16 0H8v2h12v-2zM4 16h2v2H4v-2zm16 0H8v2h12v-2z\" fill=\"currentColor\"><\/path><\/svg><svg style=\"fill: #999;color:#999\" class=\"arrow-unsorted-368013\" xmlns=\"http:\/\/www.w3.org\/2000\/svg\" width=\"10px\" height=\"10px\" viewBox=\"0 0 24 24\" version=\"1.2\" baseProfile=\"tiny\"><path d=\"M18.2 9.3l-6.2-6.3-6.2 6.3c-.2.2-.3.4-.3.7s.1.5.3.7c.2.2.4.3.7.3h11c.3 0 .5-.1.7-.3.2-.2.3-.5.3-.7s-.1-.5-.3-.7zM5.8 14.7l6.2 6.3 6.2-6.3c.2-.2.3-.5.3-.7s-.1-.5-.3-.7c-.2-.2-.4-.3-.7-.3h-11c-.3 0-.5.1-.7.3-.2.2-.3.5-.3.7s.1.5.3.7z\"\/><\/svg><\/span><\/span><\/span><\/a><\/span><\/div>\n<nav><ul class='ez-toc-list ez-toc-list-level-1 ' ><ul class='ez-toc-list-level-5' ><li class='ez-toc-heading-level-5'><ul class='ez-toc-list-level-5' ><li class='ez-toc-heading-level-5'><ul class='ez-toc-list-level-5' ><li class='ez-toc-heading-level-5'><a class=\"ez-toc-link ez-toc-heading-1\" href=\"https:\/\/ryoko-eito-life.com\/#Kreative_japanische_Kueche\" >Kreative japanische K\u00fcche<\/a><\/li><li class='ez-toc-page-1 ez-toc-heading-level-5'><a class=\"ez-toc-link ez-toc-heading-2\" href=\"https:\/\/ryoko-eito-life.com\/#Beruehrebde_Landschaft\" >Ber\u00fchrebde Landschaft<\/a><\/li><li class='ez-toc-page-1 ez-toc-heading-level-5'><a class=\"ez-toc-link ez-toc-heading-3\" href=\"https:\/\/ryoko-eito-life.com\/#private_heisse_Quelle\" >private hei\u00dfe Quelle<\/a><\/li><li class='ez-toc-page-1 ez-toc-heading-level-5'><a class=\"ez-toc-link ez-toc-heading-4\" href=\"https:\/\/ryoko-eito-life.com\/#sehr_frischer_Seeigel_Thunfisch_und_Co\" >sehr frischer Seeigel, Thunfisch und Co.<\/a><\/li><\/ul><\/li><li class='ez-toc-page-1 ez-toc-heading-level-4'><a class=\"ez-toc-link ez-toc-heading-5\" href=\"https:\/\/ryoko-eito-life.com\/#Wir_gruessen_Sie\" >Wir gr\u00fc\u00dfen Sie!<\/a><\/li><\/ul><\/li><\/ul><\/li><li class='ez-toc-page-1 ez-toc-heading-level-2'><a class=\"ez-toc-link ez-toc-heading-6\" href=\"https:\/\/ryoko-eito-life.com\/#News_Information\" >News &amp; Information<\/a><\/li><\/ul><\/nav><\/div>\n<h5 class=\"wp-block-heading\" id=\"vk-blocks\" style=\"margin-top:1.5rem;margin-bottom:1rem\"><span class=\"ez-toc-section\" id=\"Kreative_japanische_Kueche\"><\/span>Kreative japanische K\u00fcche<span class=\"ez-toc-section-end\"><\/span><\/h5>\n\n\n\n<p>In diesem 1-Stern-Restaurant in der N\u00e4he von Osaka Umeda k\u00f6nnen Sie raffinierte japanische Gerichte genie\u00dfen.<\/p>\n\n\n\n<div class=\"wp-block-buttons is-layout-flex wp-block-buttons-is-layout-flex\">\n<div class=\"wp-block-button has-custom-font-size is-style-outline has-small-font-size is-style-outline--1\"><a class=\"wp-block-button__link wp-element-button\" href=\"https:\/\/youtu.be\/TN_WDHPX_xY\" style=\"padding-top:0.3em;padding-right:1em;padding-bottom:0.3em;padding-left:1em\" target=\"_blank\" rel=\"noreferrer noopener\">\u7d9a\u304d\u3092\u8aad\u3080<\/a><\/div>\n<\/div>\n\n\n\n<div style=\"height:30px\" aria-hidden=\"true\" class=\"wp-block-spacer\"><\/div>\n<\/div>\n\n\n\n<div class=\"wp-block-column is-layout-flow wp-block-column-is-layout-flow\">\n<figure class=\"wp-block-image size-full\"><img loading=\"lazy\" decoding=\"async\" width=\"2560\" height=\"1440\" src=\"https:\/\/ryoko-eito-life.com\/wp-content\/uploads\/2024\/01\/IMG_9609-scaled.jpeg\" alt=\"\" class=\"wp-image-250\" srcset=\"https:\/\/ryoko-eito-life.com\/wp-content\/uploads\/2024\/01\/IMG_9609-scaled.jpeg 2560w, https:\/\/ryoko-eito-life.com\/wp-content\/uploads\/2024\/01\/IMG_9609-300x169.jpeg 300w, https:\/\/ryoko-eito-life.com\/wp-content\/uploads\/2024\/01\/IMG_9609-1024x576.jpeg 1024w, https:\/\/ryoko-eito-life.com\/wp-content\/uploads\/2024\/01\/IMG_9609-768x432.jpeg 768w, https:\/\/ryoko-eito-life.com\/wp-content\/uploads\/2024\/01\/IMG_9609-1536x864.jpeg 1536w, https:\/\/ryoko-eito-life.com\/wp-content\/uploads\/2024\/01\/IMG_9609-2048x1152.jpeg 2048w, https:\/\/ryoko-eito-life.com\/wp-content\/uploads\/2024\/01\/IMG_9609-320x180.jpeg 320w\" sizes=\"auto, (max-width: 2560px) 100vw, 2560px\" \/><\/figure>\n\n\n\n<h5 class=\"wp-block-heading\" id=\"vk-blocks\" style=\"margin-top:1.5rem;margin-bottom:1rem\"><span class=\"ez-toc-section\" id=\"Beruehrebde_Landschaft\"><\/span>Ber\u00fchrebde Landschaft<span class=\"ez-toc-section-end\"><\/span><\/h5>\n\n\n\n<p>Ruriko-in im Kyoto Hieizan. Wir teilen die atemberaubende wunderbare Herbstlandschaft.<\/p>\n\n\n\n<div class=\"wp-block-buttons is-layout-flex wp-block-buttons-is-layout-flex\">\n<div class=\"wp-block-button has-custom-font-size is-style-outline has-small-font-size is-style-outline--2\"><a class=\"wp-block-button__link wp-element-button\" href=\"https:\/\/ryoko-eito-life.com\/wp-content\/uploads\/2024\/01\/20240109192927_4K.mp4\" style=\"padding-top:0.3em;padding-right:1em;padding-bottom:0.3em;padding-left:1em\" target=\"_blank\" rel=\"noreferrer noopener\">\u7d9a\u304d\u3092\u8aad\u3080<\/a><\/div>\n<\/div>\n\n\n\n<div style=\"height:30px\" aria-hidden=\"true\" class=\"wp-block-spacer\"><\/div>\n<\/div>\n\n\n\n<div class=\"wp-block-column is-layout-flow wp-block-column-is-layout-flow\">\n<figure class=\"wp-block-image size-full\"><img loading=\"lazy\" decoding=\"async\" width=\"2560\" height=\"1440\" src=\"https:\/\/ryoko-eito-life.com\/wp-content\/uploads\/2024\/01\/IMG_9610-scaled.jpeg\" alt=\"\" class=\"wp-image-254\" srcset=\"https:\/\/ryoko-eito-life.com\/wp-content\/uploads\/2024\/01\/IMG_9610-scaled.jpeg 2560w, https:\/\/ryoko-eito-life.com\/wp-content\/uploads\/2024\/01\/IMG_9610-300x169.jpeg 300w, https:\/\/ryoko-eito-life.com\/wp-content\/uploads\/2024\/01\/IMG_9610-1024x576.jpeg 1024w, https:\/\/ryoko-eito-life.com\/wp-content\/uploads\/2024\/01\/IMG_9610-768x432.jpeg 768w, https:\/\/ryoko-eito-life.com\/wp-content\/uploads\/2024\/01\/IMG_9610-1536x864.jpeg 1536w, https:\/\/ryoko-eito-life.com\/wp-content\/uploads\/2024\/01\/IMG_9610-2048x1152.jpeg 2048w, https:\/\/ryoko-eito-life.com\/wp-content\/uploads\/2024\/01\/IMG_9610-320x180.jpeg 320w\" sizes=\"auto, (max-width: 2560px) 100vw, 2560px\" \/><\/figure>\n\n\n\n<h5 class=\"wp-block-heading\" id=\"vk-blocks\" style=\"margin-top:1.5rem;margin-bottom:1rem\"><span class=\"ez-toc-section\" id=\"private_heisse_Quelle\"><\/span>private hei\u00dfe Quelle<span class=\"ez-toc-section-end\"><\/span><\/h5>\n\n\n\n<p>Wir hatten die private hei\u00dfe Quelle in Arima, Hyogo genossen. Dazu m\u00f6chten wir auch einige kulinarische Erkundungen vorstellen.<\/p>\n\n\n\n<div class=\"wp-block-buttons is-layout-flex wp-block-buttons-is-layout-flex\">\n<div class=\"wp-block-button has-custom-font-size is-style-outline has-small-font-size is-style-outline--3\"><a class=\"wp-block-button__link wp-element-button\" href=\"https:\/\/ryoko-eito-life.com\/%e6%9c%89%e9%a6%ac%e6%b8%a9%e6%b3%89%e3%81%ae%e9%ab%98%e7%b4%9a%e6%97%85%e9%a4%a8%e3%81%a7%e3%83%a9%e3%83%b3%e3%83%81%e3%81%a8%e6%b8%a9%e6%b3%89%e3%82%92%e6%a5%bd%e3%81%97%e3%81%bf%e3%81%be%e3%81%97\/\" style=\"padding-top:0.3em;padding-right:1em;padding-bottom:0.3em;padding-left:1em\" target=\"_blank\" rel=\"noreferrer noopener\">\u7d9a\u304d\u3092\u8aad\u3080<\/a><\/div>\n<\/div>\n\n\n\n<div style=\"height:30px\" aria-hidden=\"true\" class=\"wp-block-spacer\"><\/div>\n<\/div>\n\n\n\n<div class=\"wp-block-column is-layout-flow wp-block-column-is-layout-flow\">\n<figure class=\"wp-block-image size-full\"><img loading=\"lazy\" decoding=\"async\" width=\"2560\" height=\"1440\" src=\"https:\/\/ryoko-eito-life.com\/wp-content\/uploads\/2024\/01\/IMG_9606-scaled.jpeg\" alt=\"\" class=\"wp-image-253\" srcset=\"https:\/\/ryoko-eito-life.com\/wp-content\/uploads\/2024\/01\/IMG_9606-scaled.jpeg 2560w, https:\/\/ryoko-eito-life.com\/wp-content\/uploads\/2024\/01\/IMG_9606-300x169.jpeg 300w, https:\/\/ryoko-eito-life.com\/wp-content\/uploads\/2024\/01\/IMG_9606-1024x576.jpeg 1024w, https:\/\/ryoko-eito-life.com\/wp-content\/uploads\/2024\/01\/IMG_9606-768x432.jpeg 768w, https:\/\/ryoko-eito-life.com\/wp-content\/uploads\/2024\/01\/IMG_9606-1536x864.jpeg 1536w, https:\/\/ryoko-eito-life.com\/wp-content\/uploads\/2024\/01\/IMG_9606-2048x1152.jpeg 2048w, https:\/\/ryoko-eito-life.com\/wp-content\/uploads\/2024\/01\/IMG_9606-320x180.jpeg 320w\" sizes=\"auto, (max-width: 2560px) 100vw, 2560px\" \/><\/figure>\n\n\n\n<h5 class=\"wp-block-heading\" id=\"vk-blocks\" style=\"margin-top:1.5rem;margin-bottom:1rem\"><span class=\"ez-toc-section\" id=\"sehr_frischer_Seeigel_Thunfisch_und_Co\"><\/span>sehr frischer Seeigel, Thunfisch und Co.<span class=\"ez-toc-section-end\"><\/span><\/h5>\n\n\n\n<p>Der frischeste Seeigel im Restaurant 'Toyo' in Osaka Kyobashi! Auch der ber\u00fchmte Koch wird vorgestellt<\/p>\n\n\n\n<div class=\"wp-block-buttons is-layout-flex wp-block-buttons-is-layout-flex\">\n<div class=\"wp-block-button has-custom-font-size is-style-outline has-small-font-size is-style-outline--4\"><a class=\"wp-block-button__link wp-element-button\" href=\"https:\/\/youtube.com\/shorts\/xrk8VIrGtDA\" style=\"padding-top:0.3em;padding-right:1em;padding-bottom:0.3em;padding-left:1em\" target=\"_blank\" rel=\"noreferrer noopener\">\u7d9a\u304d\u3092\u8aad\u3080<\/a><\/div>\n<\/div>\n\n\n\n<div style=\"height:30px\" aria-hidden=\"true\" class=\"wp-block-spacer\"><\/div>\n<\/div>\n<\/div>\n\n\n\n<div class=\"wp-block-cover alignfull is-light\" style=\"min-height:250px;aspect-ratio:unset;\"><span aria-hidden=\"true\" class=\"wp-block-cover__background has-background-dim-100 has-background-dim\" style=\"background-color:#f3f3f3\"><\/span><div class=\"wp-block-cover__inner-container is-layout-flow wp-block-cover-is-layout-flow\">\n<div style=\"height:40px\" aria-hidden=\"true\" class=\"wp-block-spacer\"><\/div>\n\n\n\n<div class=\"wp-block-columns are-vertically-aligned-center is-layout-flex wp-container-core-columns-is-layout-28f84493 wp-block-columns-is-layout-flex\">\n<div class=\"wp-block-column is-vertically-aligned-center is-layout-flow wp-block-column-is-layout-flow\" style=\"flex-basis:33.33%\">\n<figure class=\"wp-block-image aligncenter size-full\"><img decoding=\"async\" src=\"https:\/\/ryoko-eito-life.com\/wp-content\/uploads\/2023\/12\/IMG_9371-1.jpeg\" alt=\"\" class=\"wp-image-39\"\/><figcaption class=\"wp-element-caption\">Imagebild von Ryoko und Eito<\/figcaption><\/figure>\n<\/div>\n\n\n\n<div class=\"wp-block-column is-vertically-aligned-center is-layout-flow wp-block-column-is-layout-flow\" style=\"flex-basis:66.66%\">\n<h4 class=\"wp-block-heading has-black-color has-text-color\"><span class=\"ez-toc-section\" id=\"Wir_gruessen_Sie\"><\/span>Wir gr\u00fc\u00dfen Sie!<span class=\"ez-toc-section-end\"><\/span><\/h4>\n\n\n\n<p class=\"has-black-color has-text-color\">Wir sind ein Paar, das aufgrund beruflicher Verpflichtungen getrennt in Japan und Deutschland lebt. Wir berichten \u00fcber den Alltag, die Gastronomie und Reisen sowohl in Japan als auch in Deutschland.<\/p>\n<\/div>\n<\/div>\n<\/div><\/div>\n\n\n\n<div style=\"height:60px\" aria-hidden=\"true\" class=\"wp-block-spacer\"><\/div>\n\n\n\n<h2 class=\"wp-block-heading\"><span class=\"ez-toc-section\" id=\"News_Information\"><\/span>News &amp; Information<span class=\"ez-toc-section-end\"><\/span><\/h2>\n\n\n<ul class=\"wp-block-latest-posts__list has-dates wp-block-latest-posts\"><li><a class=\"wp-block-latest-posts__post-title\" href=\"https:\/\/ryoko-eito-life.com\/de\/gruesse\/\">Wir gr\u00fc\u00dfen Sie!<\/a><time datetime=\"2024-01-18T01:01:32+09:00\" class=\"wp-block-latest-posts__post-date\">2024\u5e741\u670818\u65e5<\/time><div class=\"wp-block-latest-posts__post-excerpt\">Hi, ich bin Eito. Ryoko und ich wohnen aus beruflichen Gr\u00fcnden in Japan und Deutschland. Also lebt Ryoko in Deutschland, und ich in Japan. Wir werden den Alltag, die Gastronomie \/ Gourmet und Reisen in Deutschland und Japan teilen. Wir hoffen, dass unsere Artikel hilfreich f\u00fcr Sie werden.<\/div><\/li>\n<\/ul>","protected":false},"excerpt":{"rendered":"<p>Kreative japanische K\u00fcche In diesem 1-Stern-Restaurant in der N\u00e4he von Osaka Umeda k\u00f6nnen Sie raffinierte japanische Gerichte genie\u00dfen. Ber\u00fchrebde Landschaft Ruriko-in im Kyoto Hieizan. Wir teilen die atemberaubende wunderbare Herbstlandschaft. private hei\u00dfe Quelle Wir hatten die private hei\u00dfe Quelle in Arima, Hyogo genossen. Dazu m\u00f6chten wir auch einige kulinarische Erkundungen vorstellen. sehr frischer Seeigel, Thunfisch [&hellip;]<\/p>\n","protected":false},"author":2,"featured_media":0,"parent":0,"menu_order":0,"comment_status":"closed","ping_status":"closed","template":"","meta":{"_locale":"de_DE","_original_post":"http:\/\/ryoko-eito-life.com\/?page_id=5","footnotes":""},"class_list":["post-731","page","type-page","status-publish","hentry","de-DE"],"yoast_head":"<!-- This site is optimized with the Yoast SEO plugin v27.4 - https:\/\/yoast.com\/product\/yoast-seo-wordpress\/ -->\n<title>HOME - \u6dbc\u5b50\u3068\u82f1\u4eba\u306e\u65e5\u5e38\u751f\u6d3b\u3001\u30b0\u30eb\u30e1\u3068\u65c5<\/title>\n<meta name=\"robots\" content=\"index, follow, max-snippet:-1, max-image-preview:large, max-video-preview:-1\" \/>\n<link rel=\"canonical\" href=\"https:\/\/ryoko-eito-life.com\/de\/\" \/>\n<meta property=\"og:locale\" content=\"de_DE\" \/>\n<meta property=\"og:type\" content=\"article\" \/>\n<meta property=\"og:title\" content=\"HOME - \u6dbc\u5b50\u3068\u82f1\u4eba\u306e\u65e5\u5e38\u751f\u6d3b\u3001\u30b0\u30eb\u30e1\u3068\u65c5\" \/>\n<meta property=\"og:description\" content=\"Kreative japanische K\u00fcche In diesem 1-Stern-Restaurant in der N\u00e4he von Osaka Umeda k\u00f6nnen Sie raffinierte japanische Gerichte genie\u00dfen. Ber\u00fchrebde Landschaft Ruriko-in im Kyoto Hieizan. Wir teilen die atemberaubende wunderbare Herbstlandschaft. private hei\u00dfe Quelle Wir hatten die private hei\u00dfe Quelle in Arima, Hyogo genossen. Dazu m\u00f6chten wir auch einige kulinarische Erkundungen vorstellen. sehr frischer Seeigel, Thunfisch [&hellip;]\" \/>\n<meta property=\"og:url\" content=\"https:\/\/ryoko-eito-life.com\/de\/\" \/>\n<meta property=\"og:site_name\" content=\"\u6dbc\u5b50\u3068\u82f1\u4eba\u306e\u65e5\u5e38\u751f\u6d3b\u3001\u30b0\u30eb\u30e1\u3068\u65c5\" \/>\n<meta property=\"article:modified_time\" content=\"2024-01-16T21:17:26+00:00\" \/>\n<meta property=\"og:image\" content=\"https:\/\/ryoko-eito-life.com\/wp-content\/uploads\/2024\/01\/IMG_9462-1-scaled.jpeg\" \/>\n<meta name=\"twitter:card\" content=\"summary_large_image\" \/>\n<meta name=\"twitter:label1\" content=\"Gesch\u00e4tzte Lesezeit\" \/>\n\t<meta name=\"twitter:data1\" content=\"3\u00a0Minuten\" \/>\n<script type=\"application\/ld+json\" class=\"yoast-schema-graph\">{\"@context\":\"https:\\\/\\\/schema.org\",\"@graph\":[{\"@type\":\"WebPage\",\"@id\":\"https:\\\/\\\/ryoko-eito-life.com\\\/de\\\/\",\"url\":\"https:\\\/\\\/ryoko-eito-life.com\\\/de\\\/\",\"name\":\"HOME - \u6dbc\u5b50\u3068\u82f1\u4eba\u306e\u65e5\u5e38\u751f\u6d3b\u3001\u30b0\u30eb\u30e1\u3068\u65c5\",\"isPartOf\":{\"@id\":\"https:\\\/\\\/ryoko-eito-life.com\\\/#website\"},\"primaryImageOfPage\":{\"@id\":\"https:\\\/\\\/ryoko-eito-life.com\\\/de\\\/#primaryimage\"},\"image\":{\"@id\":\"https:\\\/\\\/ryoko-eito-life.com\\\/de\\\/#primaryimage\"},\"thumbnailUrl\":\"https:\\\/\\\/ryoko-eito-life.com\\\/wp-content\\\/uploads\\\/2024\\\/01\\\/IMG_9462-1-scaled.jpeg\",\"datePublished\":\"2024-01-16T21:14:44+00:00\",\"dateModified\":\"2024-01-16T21:17:26+00:00\",\"breadcrumb\":{\"@id\":\"https:\\\/\\\/ryoko-eito-life.com\\\/de\\\/#breadcrumb\"},\"inLanguage\":\"de\",\"potentialAction\":[{\"@type\":\"ReadAction\",\"target\":[\"https:\\\/\\\/ryoko-eito-life.com\\\/de\\\/\"]}]},{\"@type\":\"ImageObject\",\"inLanguage\":\"de\",\"@id\":\"https:\\\/\\\/ryoko-eito-life.com\\\/de\\\/#primaryimage\",\"url\":\"https:\\\/\\\/ryoko-eito-life.com\\\/wp-content\\\/uploads\\\/2024\\\/01\\\/IMG_9462-1-scaled.jpeg\",\"contentUrl\":\"https:\\\/\\\/ryoko-eito-life.com\\\/wp-content\\\/uploads\\\/2024\\\/01\\\/IMG_9462-1-scaled.jpeg\",\"width\":2560,\"height\":1440},{\"@type\":\"BreadcrumbList\",\"@id\":\"https:\\\/\\\/ryoko-eito-life.com\\\/de\\\/#breadcrumb\",\"itemListElement\":[{\"@type\":\"ListItem\",\"position\":1,\"name\":\"\u30db\u30fc\u30e0\",\"item\":\"https:\\\/\\\/ryoko-eito-life.com\\\/de\\\/\"},{\"@type\":\"ListItem\",\"position\":2,\"name\":\"HOME\"}]},{\"@type\":\"WebSite\",\"@id\":\"https:\\\/\\\/ryoko-eito-life.com\\\/#website\",\"url\":\"https:\\\/\\\/ryoko-eito-life.com\\\/\",\"name\":\"\u6dbc\u5b50\u3068\u82f1\u4eba\u306e\u65e5\u5e38\u751f\u6d3b\u3001\u30b0\u30eb\u30e1\u3068\u65c5\",\"description\":\"\u30c9\u30a4\u30c4\u3068\u65e5\u672c\u306e\u65e5\u5e38\u751f\u6d3b\u3068\u30b0\u30eb\u30e1\u3068\u65c5\u3092\u8f09\u305b\u3066\u3044\u304d\u307e\u3059\u3002\",\"publisher\":{\"@id\":\"https:\\\/\\\/ryoko-eito-life.com\\\/#\\\/schema\\\/person\\\/6541a30e96221217618609fdffe31567\"},\"potentialAction\":[{\"@type\":\"SearchAction\",\"target\":{\"@type\":\"EntryPoint\",\"urlTemplate\":\"https:\\\/\\\/ryoko-eito-life.com\\\/?s={search_term_string}\"},\"query-input\":{\"@type\":\"PropertyValueSpecification\",\"valueRequired\":true,\"valueName\":\"search_term_string\"}}],\"inLanguage\":\"de\"},{\"@type\":[\"Person\",\"Organization\"],\"@id\":\"https:\\\/\\\/ryoko-eito-life.com\\\/#\\\/schema\\\/person\\\/6541a30e96221217618609fdffe31567\",\"name\":\"Ryoko\",\"image\":{\"@type\":\"ImageObject\",\"inLanguage\":\"de\",\"@id\":\"https:\\\/\\\/ryoko-eito-life.com\\\/wp-content\\\/uploads\\\/2023\\\/12\\\/IMG_9371.jpeg\",\"url\":\"https:\\\/\\\/ryoko-eito-life.com\\\/wp-content\\\/uploads\\\/2023\\\/12\\\/IMG_9371.jpeg\",\"contentUrl\":\"https:\\\/\\\/ryoko-eito-life.com\\\/wp-content\\\/uploads\\\/2023\\\/12\\\/IMG_9371.jpeg\",\"width\":612,\"height\":408,\"caption\":\"Ryoko\"},\"logo\":{\"@id\":\"https:\\\/\\\/ryoko-eito-life.com\\\/wp-content\\\/uploads\\\/2023\\\/12\\\/IMG_9371.jpeg\"}}]}<\/script>\n<!-- \/ Yoast SEO plugin. -->","yoast_head_json":{"title":"HOME - \u6dbc\u5b50\u3068\u82f1\u4eba\u306e\u65e5\u5e38\u751f\u6d3b\u3001\u30b0\u30eb\u30e1\u3068\u65c5","robots":{"index":"index","follow":"follow","max-snippet":"max-snippet:-1","max-image-preview":"max-image-preview:large","max-video-preview":"max-video-preview:-1"},"canonical":"https:\/\/ryoko-eito-life.com\/de\/","og_locale":"de_DE","og_type":"article","og_title":"HOME - \u6dbc\u5b50\u3068\u82f1\u4eba\u306e\u65e5\u5e38\u751f\u6d3b\u3001\u30b0\u30eb\u30e1\u3068\u65c5","og_description":"Kreative japanische K\u00fcche In diesem 1-Stern-Restaurant in der N\u00e4he von Osaka Umeda k\u00f6nnen Sie raffinierte japanische Gerichte genie\u00dfen. Ber\u00fchrebde Landschaft Ruriko-in im Kyoto Hieizan. Wir teilen die atemberaubende wunderbare Herbstlandschaft. private hei\u00dfe Quelle Wir hatten die private hei\u00dfe Quelle in Arima, Hyogo genossen. Dazu m\u00f6chten wir auch einige kulinarische Erkundungen vorstellen. sehr frischer Seeigel, Thunfisch [&hellip;]","og_url":"https:\/\/ryoko-eito-life.com\/de\/","og_site_name":"\u6dbc\u5b50\u3068\u82f1\u4eba\u306e\u65e5\u5e38\u751f\u6d3b\u3001\u30b0\u30eb\u30e1\u3068\u65c5","article_modified_time":"2024-01-16T21:17:26+00:00","og_image":[{"url":"https:\/\/ryoko-eito-life.com\/wp-content\/uploads\/2024\/01\/IMG_9462-1-scaled.jpeg","type":"","width":"","height":""}],"twitter_card":"summary_large_image","twitter_misc":{"Gesch\u00e4tzte Lesezeit":"3\u00a0Minuten"},"schema":{"@context":"https:\/\/schema.org","@graph":[{"@type":"WebPage","@id":"https:\/\/ryoko-eito-life.com\/de\/","url":"https:\/\/ryoko-eito-life.com\/de\/","name":"HOME - \u6dbc\u5b50\u3068\u82f1\u4eba\u306e\u65e5\u5e38\u751f\u6d3b\u3001\u30b0\u30eb\u30e1\u3068\u65c5","isPartOf":{"@id":"https:\/\/ryoko-eito-life.com\/#website"},"primaryImageOfPage":{"@id":"https:\/\/ryoko-eito-life.com\/de\/#primaryimage"},"image":{"@id":"https:\/\/ryoko-eito-life.com\/de\/#primaryimage"},"thumbnailUrl":"https:\/\/ryoko-eito-life.com\/wp-content\/uploads\/2024\/01\/IMG_9462-1-scaled.jpeg","datePublished":"2024-01-16T21:14:44+00:00","dateModified":"2024-01-16T21:17:26+00:00","breadcrumb":{"@id":"https:\/\/ryoko-eito-life.com\/de\/#breadcrumb"},"inLanguage":"de","potentialAction":[{"@type":"ReadAction","target":["https:\/\/ryoko-eito-life.com\/de\/"]}]},{"@type":"ImageObject","inLanguage":"de","@id":"https:\/\/ryoko-eito-life.com\/de\/#primaryimage","url":"https:\/\/ryoko-eito-life.com\/wp-content\/uploads\/2024\/01\/IMG_9462-1-scaled.jpeg","contentUrl":"https:\/\/ryoko-eito-life.com\/wp-content\/uploads\/2024\/01\/IMG_9462-1-scaled.jpeg","width":2560,"height":1440},{"@type":"BreadcrumbList","@id":"https:\/\/ryoko-eito-life.com\/de\/#breadcrumb","itemListElement":[{"@type":"ListItem","position":1,"name":"\u30db\u30fc\u30e0","item":"https:\/\/ryoko-eito-life.com\/de\/"},{"@type":"ListItem","position":2,"name":"HOME"}]},{"@type":"WebSite","@id":"https:\/\/ryoko-eito-life.com\/#website","url":"https:\/\/ryoko-eito-life.com\/","name":"\u6dbc\u5b50\u3068\u82f1\u4eba\u306e\u65e5\u5e38\u751f\u6d3b\u3001\u30b0\u30eb\u30e1\u3068\u65c5","description":"\u30c9\u30a4\u30c4\u3068\u65e5\u672c\u306e\u65e5\u5e38\u751f\u6d3b\u3068\u30b0\u30eb\u30e1\u3068\u65c5\u3092\u8f09\u305b\u3066\u3044\u304d\u307e\u3059\u3002","publisher":{"@id":"https:\/\/ryoko-eito-life.com\/#\/schema\/person\/6541a30e96221217618609fdffe31567"},"potentialAction":[{"@type":"SearchAction","target":{"@type":"EntryPoint","urlTemplate":"https:\/\/ryoko-eito-life.com\/?s={search_term_string}"},"query-input":{"@type":"PropertyValueSpecification","valueRequired":true,"valueName":"search_term_string"}}],"inLanguage":"de"},{"@type":["Person","Organization"],"@id":"https:\/\/ryoko-eito-life.com\/#\/schema\/person\/6541a30e96221217618609fdffe31567","name":"Ryoko","image":{"@type":"ImageObject","inLanguage":"de","@id":"https:\/\/ryoko-eito-life.com\/wp-content\/uploads\/2023\/12\/IMG_9371.jpeg","url":"https:\/\/ryoko-eito-life.com\/wp-content\/uploads\/2023\/12\/IMG_9371.jpeg","contentUrl":"https:\/\/ryoko-eito-life.com\/wp-content\/uploads\/2023\/12\/IMG_9371.jpeg","width":612,"height":408,"caption":"Ryoko"},"logo":{"@id":"https:\/\/ryoko-eito-life.com\/wp-content\/uploads\/2023\/12\/IMG_9371.jpeg"}}]}},"_links":{"self":[{"href":"https:\/\/ryoko-eito-life.com\/wp-json\/wp\/v2\/pages\/731","targetHints":{"allow":["GET"]}}],"collection":[{"href":"https:\/\/ryoko-eito-life.com\/wp-json\/wp\/v2\/pages"}],"about":[{"href":"https:\/\/ryoko-eito-life.com\/wp-json\/wp\/v2\/types\/page"}],"author":[{"embeddable":true,"href":"https:\/\/ryoko-eito-life.com\/wp-json\/wp\/v2\/users\/2"}],"replies":[{"embeddable":true,"href":"https:\/\/ryoko-eito-life.com\/wp-json\/wp\/v2\/comments?post=731"}],"version-history":[{"count":6,"href":"https:\/\/ryoko-eito-life.com\/wp-json\/wp\/v2\/pages\/731\/revisions"}],"predecessor-version":[{"id":5208,"href":"https:\/\/ryoko-eito-life.com\/wp-json\/wp\/v2\/pages\/731\/revisions\/5208"}],"wp:attachment":[{"href":"https:\/\/ryoko-eito-life.com\/wp-json\/wp\/v2\/media?parent=731"}],"curies":[{"name":"wp","href":"https:\/\/api.w.org\/{rel}","templated":true}]}}